{"id":50,"date":"2025-06-22T15:01:50","date_gmt":"2025-06-22T12:01:50","guid":{"rendered":"https:\/\/www.mioev.com\/?page_id=50"},"modified":"2025-06-22T15:04:17","modified_gmt":"2025-06-22T12:04:17","slug":"hizmetlerimiz","status":"publish","type":"page","link":"https:\/\/www.mioev.com\/?page_id=50","title":{"rendered":"Hizmetlerimiz"},"content":{"rendered":"\n<p class=\"has-text-align-center has-medium-font-size\"><strong>Duvar ka\u011f\u0131d\u0131<br>Duvar ka\u011f\u0131d\u0131m<br>Duvar ka\u011f\u0131d\u0131 ustas\u0131<br>\u0130thal duvar ka\u011f\u0131d\u0131<br>Textil taban duvar ka\u011f\u0131d\u0131<br>\u0130pek duvar ka\u011f\u0131d\u0131<br>Duvar paneli<br>Duvar paneli kaplama<br>Duvar panelleri<br>Duvar paneli tv \u00fcnitesi<br>Duvar c\u0131talama<br>Cam textili Duvar kaplama<br>Akustik Duvar paneli<br>Boyanabilir duvar ka\u011f\u0131d\u0131<br>Poster Duvar Ka\u011f\u0131d\u0131<\/strong><\/p>\n","protected":false},"excerpt":{"rendered":"<p>Duvar ka\u011f\u0131d\u0131Duvar ka\u011f\u0131d\u0131mDuvar ka\u011f\u0131d\u0131 ustas\u0131\u0130thal duvar ka\u011f\u0131d\u0131Textil taban duvar ka\u011f\u0131d\u0131\u0130pek duvar ka\u011f\u0131d\u0131Duvar paneliDuvar paneli kaplamaDuvar panelleriDuvar paneli tv \u00fcnitesiDuvar c\u0131talamaCam textili Duvar kaplamaAkustik Duvar paneliBoyanabilir duvar ka\u011f\u0131d\u0131Poster Duvar Ka\u011f\u0131d\u0131<\/p>\n","protected":false},"author":1,"featured_media":0,"parent":0,"menu_order":0,"comment_status":"closed","ping_status":"closed","template":"","meta":{"footnotes":""},"class_list":["post-50","page","type-page","status-publish","hentry"],"_links":{"self":[{"href":"https:\/\/www.mioev.com\/index.php?rest_route=\/wp\/v2\/pages\/50","targetHints":{"allow":["GET"]}}],"collection":[{"href":"https:\/\/www.mioev.com\/index.php?rest_route=\/wp\/v2\/pages"}],"about":[{"href":"https:\/\/www.mioev.com\/index.php?rest_route=\/wp\/v2\/types\/page"}],"author":[{"embeddable":true,"href":"https:\/\/www.mioev.com\/index.php?rest_route=\/wp\/v2\/users\/1"}],"replies":[{"embeddable":true,"href":"https:\/\/www.mioev.com\/index.php?rest_route=%2Fwp%2Fv2%2Fcomments&post=50"}],"version-history":[{"count":2,"href":"https:\/\/www.mioev.com\/index.php?rest_route=\/wp\/v2\/pages\/50\/revisions"}],"predecessor-version":[{"id":53,"href":"https:\/\/www.mioev.com\/index.php?rest_route=\/wp\/v2\/pages\/50\/revisions\/53"}],"wp:attachment":[{"href":"https:\/\/www.mioev.com\/index.php?rest_route=%2Fwp%2Fv2%2Fmedia&parent=50"}],"curies":[{"name":"wp","href":"https:\/\/api.w.org\/{rel}","templated":true}]}}