{"id":60,"date":"2025-06-22T15:15:10","date_gmt":"2025-06-22T12:15:10","guid":{"rendered":"https:\/\/www.mioev.com\/?page_id=60"},"modified":"2025-06-22T15:15:10","modified_gmt":"2025-06-22T12:15:10","slug":"hakkimizda","status":"publish","type":"page","link":"https:\/\/www.mioev.com\/?page_id=60","title":{"rendered":"Hakk\u0131m\u0131zda"},"content":{"rendered":"\n<details class=\"wp-block-details has-medium-font-size is-layout-flow wp-block-details-is-layout-flow\"><summary>30 y\u0131l\u0131 a\u015fk\u0131n duvar ka\u011f\u0131d\u0131 sat\u0131\u015f ve uygulama alan\u0131nda,<br>sekt\u00f6rde olduk\u00e7a kaliteli hizmet ve m\u00fc\u015fteri memnuniyeti ile devam etmekteyiz.<br><br>Duvar ka\u011f\u0131d\u0131 sekt\u00f6r\u00fcnde yeti\u015ftirdi\u011finiz onlarca usta ile, ge\u00e7mi\u015ften gelen uzman birikimizle,mekanlar\u0131n\u0131za \u015f\u0131kl\u0131k ve karakter katmak i\u00e7in profesyonel duvar ka\u011f\u0131d\u0131 giydirme hizmetleri sunuyoruz.<br>Size en uygun duvar ka\u011f\u0131d\u0131n\u0131 se\u00e7menize yard\u0131mc\u0131 olur ve uygulama s\u00fcrecini titizlikle y\u00fcr\u00fct\u00fcr\u00fcz.<br><br>Zaman\u0131nda teslimat ideal fiyat garantisi ve yerinde hizmet vermekteyiz.<\/summary>\n<p><\/p>\n<\/details>\n","protected":false},"excerpt":{"rendered":"","protected":false},"author":1,"featured_media":0,"parent":0,"menu_order":0,"comment_status":"closed","ping_status":"closed","template":"","meta":{"footnotes":""},"class_list":["post-60","page","type-page","status-publish","hentry"],"_links":{"self":[{"href":"https:\/\/www.mioev.com\/index.php?rest_route=\/wp\/v2\/pages\/60","targetHints":{"allow":["GET"]}}],"collection":[{"href":"https:\/\/www.mioev.com\/index.php?rest_route=\/wp\/v2\/pages"}],"about":[{"href":"https:\/\/www.mioev.com\/index.php?rest_route=\/wp\/v2\/types\/page"}],"author":[{"embeddable":true,"href":"https:\/\/www.mioev.com\/index.php?rest_route=\/wp\/v2\/users\/1"}],"replies":[{"embeddable":true,"href":"https:\/\/www.mioev.com\/index.php?rest_route=%2Fwp%2Fv2%2Fcomments&post=60"}],"version-history":[{"count":1,"href":"https:\/\/www.mioev.com\/index.php?rest_route=\/wp\/v2\/pages\/60\/revisions"}],"predecessor-version":[{"id":61,"href":"https:\/\/www.mioev.com\/index.php?rest_route=\/wp\/v2\/pages\/60\/revisions\/61"}],"wp:attachment":[{"href":"https:\/\/www.mioev.com\/index.php?rest_route=%2Fwp%2Fv2%2Fmedia&parent=60"}],"curies":[{"name":"wp","href":"https:\/\/api.w.org\/{rel}","templated":true}]}}